{"id":1761,"date":"2023-08-01T07:44:49","date_gmt":"2023-08-01T07:44:49","guid":{"rendered":"https:\/\/ruc5.com\/index.php\/sobre-nos-copy\/"},"modified":"2023-08-01T19:27:43","modified_gmt":"2023-08-01T19:27:43","slug":"inicio","status":"publish","type":"page","link":"https:\/\/ruc5.com\/en\/","title":{"rendered":"Home"},"content":{"rendered":"<div data-elementor-type=\"wp-page\" data-elementor-id=\"1761\" class=\"elementor elementor-1761\">\n\t\t\t\t\t\t<section class=\"elementor-section elementor-top-section elementor-element elementor-element-82fedae elementor-section-boxed elementor-section-height-default elementor-section-height-default\" data-id=\"82fedae\" data-element_type=\"section\" data-e-type=\"section\" data-settings=\"{&quot;background_background&quot;:&quot;classic&quot;}\">\n\t\t\t\t\t\t<div class=\"elementor-container elementor-column-gap-default\">\n\t\t\t\t\t<div class=\"elementor-column elementor-col-100 elementor-top-column elementor-element elementor-element-6329155\" data-id=\"6329155\" data-element_type=\"column\" data-e-type=\"column\">\n\t\t\t<div class=\"elementor-widget-wrap elementor-element-populated\">\n\t\t\t\t\t\t<div class=\"elementor-element elementor-element-51b819e elementor-widget elementor-widget-text-editor\" data-id=\"51b819e\" data-element_type=\"widget\" data-e-type=\"widget\" data-widget_type=\"text-editor.default\">\n\t\t\t\t<div class=\"elementor-widget-container\">\n\t\t\t\t\t\t\t\t\t<p style=\"text-align: center;\"><span style=\"letter-spacing: 3px; text-transform: uppercase; white-space-collapse: preserve; color: #fd9000;\">RESOURCES UNDER CONTROL<\/span><\/p>\t\t\t\t\t\t\t\t<\/div>\n\t\t\t\t<\/div>\n\t\t\t\t<div class=\"elementor-element elementor-element-0de787d elementor-widget elementor-widget-heading\" data-id=\"0de787d\" data-element_type=\"widget\" data-e-type=\"widget\" data-widget_type=\"heading.default\">\n\t\t\t\t<div class=\"elementor-widget-container\">\n\t\t\t\t\t<h2 class=\"elementor-heading-title elementor-size-default\">The excellence of secondary raw materials and renewable resources<\/h2>\t\t\t\t<\/div>\n\t\t\t\t<\/div>\n\t\t\t\t<div class=\"elementor-element elementor-element-82b9299 elementor-widget elementor-widget-spacer\" data-id=\"82b9299\" data-element_type=\"widget\" data-e-type=\"widget\" data-widget_type=\"spacer.default\">\n\t\t\t\t<div class=\"elementor-widget-container\">\n\t\t\t\t\t\t\t<div class=\"elementor-spacer\">\n\t\t\t<div class=\"elementor-spacer-inner\"><\/div>\n\t\t<\/div>\n\t\t\t\t\t\t<\/div>\n\t\t\t\t<\/div>\n\t\t\t\t<section class=\"elementor-section elementor-inner-section elementor-element elementor-element-a805278 elementor-section-boxed elementor-section-height-default elementor-section-height-default\" data-id=\"a805278\" data-element_type=\"section\" data-e-type=\"section\">\n\t\t\t\t\t\t<div class=\"elementor-container elementor-column-gap-default\">\n\t\t\t\t\t<div class=\"elementor-column elementor-col-25 elementor-inner-column elementor-element elementor-element-32500f2\" data-id=\"32500f2\" data-element_type=\"column\" data-e-type=\"column\">\n\t\t\t<div class=\"elementor-widget-wrap elementor-element-populated\">\n\t\t\t\t\t\t<div class=\"elementor-element elementor-element-45509ac elementor-widget elementor-widget-image\" data-id=\"45509ac\" data-element_type=\"widget\" data-e-type=\"widget\" data-widget_type=\"image.default\">\n\t\t\t\t<div class=\"elementor-widget-container\">\n\t\t\t\t\t\t\t\t\t\t\t\t\t\t\t<img fetchpriority=\"high\" decoding=\"async\" width=\"820\" height=\"820\" src=\"https:\/\/ruc5.com\/wp-content\/uploads\/2023\/08\/Biodiesel-Logo.png\" class=\"elementor-animation-grow attachment-full size-full wp-image-1942\" alt=\"\" srcset=\"https:\/\/ruc5.com\/wp-content\/uploads\/2023\/08\/Biodiesel-Logo.png 820w, https:\/\/ruc5.com\/wp-content\/uploads\/2023\/08\/Biodiesel-Logo-300x300.png 300w, https:\/\/ruc5.com\/wp-content\/uploads\/2023\/08\/Biodiesel-Logo-150x150.png 150w, https:\/\/ruc5.com\/wp-content\/uploads\/2023\/08\/Biodiesel-Logo-768x768.png 768w, https:\/\/ruc5.com\/wp-content\/uploads\/2023\/08\/Biodiesel-Logo-600x600.png 600w, https:\/\/ruc5.com\/wp-content\/uploads\/2023\/08\/Biodiesel-Logo-100x100.png 100w\" sizes=\"(max-width: 820px) 100vw, 820px\" \/>\t\t\t\t\t\t\t\t\t\t\t\t\t\t\t<\/div>\n\t\t\t\t<\/div>\n\t\t\t\t<div class=\"elementor-element elementor-element-52a5b36 elementor-widget elementor-widget-heading\" data-id=\"52a5b36\" data-element_type=\"widget\" data-e-type=\"widget\" data-widget_type=\"heading.default\">\n\t\t\t\t<div class=\"elementor-widget-container\">\n\t\t\t\t\t<h4 class=\"elementor-heading-title elementor-size-default\">Biofuels<\/h4>\t\t\t\t<\/div>\n\t\t\t\t<\/div>\n\t\t\t\t\t<\/div>\n\t\t<\/div>\n\t\t\t\t<div class=\"elementor-column elementor-col-25 elementor-inner-column elementor-element elementor-element-2622b8e\" data-id=\"2622b8e\" data-element_type=\"column\" data-e-type=\"column\">\n\t\t\t<div class=\"elementor-widget-wrap elementor-element-populated\">\n\t\t\t\t\t\t<div class=\"elementor-element elementor-element-e55953a elementor-widget elementor-widget-image\" data-id=\"e55953a\" data-element_type=\"widget\" data-e-type=\"widget\" data-widget_type=\"image.default\">\n\t\t\t\t<div class=\"elementor-widget-container\">\n\t\t\t\t\t\t\t\t\t\t\t\t\t\t\t<img decoding=\"async\" width=\"820\" height=\"820\" src=\"https:\/\/ruc5.com\/wp-content\/uploads\/2023\/08\/Biogas-Logo.png\" class=\"elementor-animation-grow attachment-full size-full wp-image-1941\" alt=\"\" srcset=\"https:\/\/ruc5.com\/wp-content\/uploads\/2023\/08\/Biogas-Logo.png 820w, https:\/\/ruc5.com\/wp-content\/uploads\/2023\/08\/Biogas-Logo-300x300.png 300w, https:\/\/ruc5.com\/wp-content\/uploads\/2023\/08\/Biogas-Logo-150x150.png 150w, https:\/\/ruc5.com\/wp-content\/uploads\/2023\/08\/Biogas-Logo-768x768.png 768w, https:\/\/ruc5.com\/wp-content\/uploads\/2023\/08\/Biogas-Logo-600x600.png 600w, https:\/\/ruc5.com\/wp-content\/uploads\/2023\/08\/Biogas-Logo-100x100.png 100w\" sizes=\"(max-width: 820px) 100vw, 820px\" \/>\t\t\t\t\t\t\t\t\t\t\t\t\t\t\t<\/div>\n\t\t\t\t<\/div>\n\t\t\t\t<div class=\"elementor-element elementor-element-0aed32d elementor-widget elementor-widget-heading\" data-id=\"0aed32d\" data-element_type=\"widget\" data-e-type=\"widget\" data-widget_type=\"heading.default\">\n\t\t\t\t<div class=\"elementor-widget-container\">\n\t\t\t\t\t<h4 class=\"elementor-heading-title elementor-size-default\">Biogas<\/h4>\t\t\t\t<\/div>\n\t\t\t\t<\/div>\n\t\t\t\t\t<\/div>\n\t\t<\/div>\n\t\t\t\t<div class=\"elementor-column elementor-col-25 elementor-inner-column elementor-element elementor-element-e6cf9bd\" data-id=\"e6cf9bd\" data-element_type=\"column\" data-e-type=\"column\">\n\t\t\t<div class=\"elementor-widget-wrap elementor-element-populated\">\n\t\t\t\t\t\t<div class=\"elementor-element elementor-element-d1de3a9 elementor-widget elementor-widget-image\" data-id=\"d1de3a9\" data-element_type=\"widget\" data-e-type=\"widget\" data-widget_type=\"image.default\">\n\t\t\t\t<div class=\"elementor-widget-container\">\n\t\t\t\t\t\t\t\t\t\t\t\t\t\t\t<img decoding=\"async\" width=\"820\" height=\"820\" src=\"https:\/\/ruc5.com\/wp-content\/uploads\/2023\/08\/Jetfuel-Logo-e1690917351336.png\" class=\"elementor-animation-grow attachment-full size-full wp-image-1939\" alt=\"\" srcset=\"https:\/\/ruc5.com\/wp-content\/uploads\/2023\/08\/Jetfuel-Logo-e1690917351336.png 820w, https:\/\/ruc5.com\/wp-content\/uploads\/2023\/08\/Jetfuel-Logo-e1690917351336-300x300.png 300w, https:\/\/ruc5.com\/wp-content\/uploads\/2023\/08\/Jetfuel-Logo-e1690917351336-150x150.png 150w, https:\/\/ruc5.com\/wp-content\/uploads\/2023\/08\/Jetfuel-Logo-e1690917351336-768x768.png 768w, https:\/\/ruc5.com\/wp-content\/uploads\/2023\/08\/Jetfuel-Logo-e1690917351336-600x600.png 600w, https:\/\/ruc5.com\/wp-content\/uploads\/2023\/08\/Jetfuel-Logo-e1690917351336-100x100.png 100w\" sizes=\"(max-width: 820px) 100vw, 820px\" \/>\t\t\t\t\t\t\t\t\t\t\t\t\t\t\t<\/div>\n\t\t\t\t<\/div>\n\t\t\t\t<div class=\"elementor-element elementor-element-88017c9 elementor-widget elementor-widget-heading\" data-id=\"88017c9\" data-element_type=\"widget\" data-e-type=\"widget\" data-widget_type=\"heading.default\">\n\t\t\t\t<div class=\"elementor-widget-container\">\n\t\t\t\t\t<h4 class=\"elementor-heading-title elementor-size-default\">Jetfuel<\/h4>\t\t\t\t<\/div>\n\t\t\t\t<\/div>\n\t\t\t\t\t<\/div>\n\t\t<\/div>\n\t\t\t\t<div class=\"elementor-column elementor-col-25 elementor-inner-column elementor-element elementor-element-b9fb657\" data-id=\"b9fb657\" data-element_type=\"column\" data-e-type=\"column\">\n\t\t\t<div class=\"elementor-widget-wrap elementor-element-populated\">\n\t\t\t\t\t\t<div class=\"elementor-element elementor-element-21c3b18 elementor-widget elementor-widget-image\" data-id=\"21c3b18\" data-element_type=\"widget\" data-e-type=\"widget\" data-widget_type=\"image.default\">\n\t\t\t\t<div class=\"elementor-widget-container\">\n\t\t\t\t\t\t\t\t\t\t\t\t\t\t\t<img loading=\"lazy\" decoding=\"async\" width=\"820\" height=\"820\" src=\"https:\/\/ruc5.com\/wp-content\/uploads\/2023\/08\/Farmaco-Logo.png\" class=\"elementor-animation-grow attachment-full size-full wp-image-1940\" alt=\"\" srcset=\"https:\/\/ruc5.com\/wp-content\/uploads\/2023\/08\/Farmaco-Logo.png 820w, https:\/\/ruc5.com\/wp-content\/uploads\/2023\/08\/Farmaco-Logo-300x300.png 300w, https:\/\/ruc5.com\/wp-content\/uploads\/2023\/08\/Farmaco-Logo-150x150.png 150w, https:\/\/ruc5.com\/wp-content\/uploads\/2023\/08\/Farmaco-Logo-768x768.png 768w, https:\/\/ruc5.com\/wp-content\/uploads\/2023\/08\/Farmaco-Logo-600x600.png 600w, https:\/\/ruc5.com\/wp-content\/uploads\/2023\/08\/Farmaco-Logo-100x100.png 100w\" sizes=\"(max-width: 820px) 100vw, 820px\" \/>\t\t\t\t\t\t\t\t\t\t\t\t\t\t\t<\/div>\n\t\t\t\t<\/div>\n\t\t\t\t<div class=\"elementor-element elementor-element-81efa9b elementor-widget elementor-widget-heading\" data-id=\"81efa9b\" data-element_type=\"widget\" data-e-type=\"widget\" data-widget_type=\"heading.default\">\n\t\t\t\t<div class=\"elementor-widget-container\">\n\t\t\t\t\t<h4 class=\"elementor-heading-title elementor-size-default\">Pharmaceuticals<\/h4>\t\t\t\t<\/div>\n\t\t\t\t<\/div>\n\t\t\t\t\t<\/div>\n\t\t<\/div>\n\t\t\t\t\t<\/div>\n\t\t<\/section>\n\t\t\t\t<div class=\"elementor-element elementor-element-2d456c8 elementor-widget elementor-widget-spacer\" data-id=\"2d456c8\" data-element_type=\"widget\" data-e-type=\"widget\" data-widget_type=\"spacer.default\">\n\t\t\t\t<div class=\"elementor-widget-container\">\n\t\t\t\t\t\t\t<div class=\"elementor-spacer\">\n\t\t\t<div class=\"elementor-spacer-inner\"><\/div>\n\t\t<\/div>\n\t\t\t\t\t\t<\/div>\n\t\t\t\t<\/div>\n\t\t\t\t<div class=\"elementor-element elementor-element-cac74bc elementor-widget elementor-widget-spacer\" data-id=\"cac74bc\" data-element_type=\"widget\" data-e-type=\"widget\" data-widget_type=\"spacer.default\">\n\t\t\t\t<div class=\"elementor-widget-container\">\n\t\t\t\t\t\t\t<div class=\"elementor-spacer\">\n\t\t\t<div class=\"elementor-spacer-inner\"><\/div>\n\t\t<\/div>\n\t\t\t\t\t\t<\/div>\n\t\t\t\t<\/div>\n\t\t\t\t<div class=\"elementor-element elementor-element-ba42836 elementor-align-right elementor-widget elementor-widget-button\" data-id=\"ba42836\" data-element_type=\"widget\" data-e-type=\"widget\" data-widget_type=\"button.default\">\n\t\t\t\t<div class=\"elementor-widget-container\">\n\t\t\t\t\t\t\t\t\t<div class=\"elementor-button-wrapper\">\n\t\t\t\t\t<a class=\"elementor-button elementor-button-link elementor-size-xl\" href=\"https:\/\/ruc5.com\/en\/registe-se\/\">\n\t\t\t\t\t\t<span class=\"elementor-button-content-wrapper\">\n\t\t\t\t\t\t\t\t\t<span class=\"elementor-button-text\">Register<\/span>\n\t\t\t\t\t<\/span>\n\t\t\t\t\t<\/a>\n\t\t\t\t<\/div>\n\t\t\t\t\t\t\t\t<\/div>\n\t\t\t\t<\/div>\n\t\t\t\t\t<\/div>\n\t\t<\/div>\n\t\t\t\t\t<\/div>\n\t\t<\/section>\n\t\t\t\t<\/div>","protected":false},"excerpt":{"rendered":"<p>RESOURCES UNDER CONTROL A excel\u00eancia das mat\u00e9rias-primas secund\u00e1rias e dos recursos renov\u00e1veis Biocombust\u00edveis Biog\u00e1s Jetfuel F\u00e1rmacos Registe-se<\/p>","protected":false},"author":2,"featured_media":0,"parent":0,"menu_order":0,"comment_status":"closed","ping_status":"closed","template":"","meta":{"give_campaign_id":0,"_uag_custom_page_level_css":"","site-sidebar-layout":"no-sidebar","site-content-layout":"page-builder","ast-site-content-layout":"default","site-content-style":"default","site-sidebar-style":"default","ast-global-header-display":"","ast-banner-title-visibility":"","ast-main-header-display":"","ast-hfb-above-header-display":"","ast-hfb-below-header-display":"","ast-hfb-mobile-header-display":"","site-post-title":"disabled","ast-breadcrumbs-content":"","ast-featured-img":"disabled","footer-sml-layout":"","ast-disable-related-posts":"","theme-transparent-header-meta":"default","adv-header-id-meta":"","stick-header-meta":"","header-above-stick-meta":"","header-main-stick-meta":"","header-below-stick-meta":"","astra-migrate-meta-layouts":"default","ast-page-background-enabled":"default","ast-page-background-meta":{"desktop":{"background-color":"","background-image":"","background-repeat":"repeat","background-position":"center center","background-size":"auto","background-attachment":"scroll","background-type":"","background-media":"","overlay-type":"","overlay-color":"","overlay-opacity":"","overlay-gradient":""},"tablet":{"background-color":"","background-image":"","background-repeat":"repeat","background-position":"center center","background-size":"auto","background-attachment":"scroll","background-type":"","background-media":"","overlay-type":"","overlay-color":"","overlay-opacity":"","overlay-gradient":""},"mobile":{"background-color":"","background-image":"","background-repeat":"repeat","background-position":"center center","background-size":"auto","background-attachment":"scroll","background-type":"","background-media":"","overlay-type":"","overlay-color":"","overlay-opacity":"","overlay-gradient":""}},"ast-content-background-meta":{"desktop":{"background-color":"var(--ast-global-color-5)","background-image":"","background-repeat":"repeat","background-position":"center center","background-size":"auto","background-attachment":"scroll","background-type":"","background-media":"","overlay-type":"","overlay-color":"","overlay-opacity":"","overlay-gradient":""},"tablet":{"background-color":"var(--ast-global-color-5)","background-image":"","background-repeat":"repeat","background-position":"center center","background-size":"auto","background-attachment":"scroll","background-type":"","background-media":"","overlay-type":"","overlay-color":"","overlay-opacity":"","overlay-gradient":""},"mobile":{"background-color":"var(--ast-global-color-5)","background-image":"","background-repeat":"repeat","background-position":"center center","background-size":"auto","background-attachment":"scroll","background-type":"","background-media":"","overlay-type":"","overlay-color":"","overlay-opacity":"","overlay-gradient":""}},"_themeisle_gutenberg_block_has_review":false,"footnotes":""},"class_list":["post-1761","page","type-page","status-publish","hentry"],"campaignId":"","uagb_featured_image_src":{"full":false,"thumbnail":false,"medium":false,"medium_large":false,"large":false,"1536x1536":false,"2048x2048":false,"trp-custom-language-flag":false,"woocommerce_thumbnail":false,"woocommerce_single":false,"woocommerce_gallery_thumbnail":false},"uagb_author_info":{"display_name":"ruc5","author_link":"https:\/\/ruc5.com\/en\/author\/ruc5\/"},"uagb_comment_info":0,"uagb_excerpt":"RESOURCES UNDER CONTROL A excel\u00eancia das mat\u00e9rias-primas secund\u00e1rias e dos recursos renov\u00e1veis Biocombust\u00edveis Biog\u00e1s Jetfuel F\u00e1rmacos Registe-se","_links":{"self":[{"href":"https:\/\/ruc5.com\/en\/wp-json\/wp\/v2\/pages\/1761","targetHints":{"allow":["GET"]}}],"collection":[{"href":"https:\/\/ruc5.com\/en\/wp-json\/wp\/v2\/pages"}],"about":[{"href":"https:\/\/ruc5.com\/en\/wp-json\/wp\/v2\/types\/page"}],"author":[{"embeddable":true,"href":"https:\/\/ruc5.com\/en\/wp-json\/wp\/v2\/users\/2"}],"replies":[{"embeddable":true,"href":"https:\/\/ruc5.com\/en\/wp-json\/wp\/v2\/comments?post=1761"}],"version-history":[{"count":41,"href":"https:\/\/ruc5.com\/en\/wp-json\/wp\/v2\/pages\/1761\/revisions"}],"predecessor-version":[{"id":1950,"href":"https:\/\/ruc5.com\/en\/wp-json\/wp\/v2\/pages\/1761\/revisions\/1950"}],"wp:attachment":[{"href":"https:\/\/ruc5.com\/en\/wp-json\/wp\/v2\/media?parent=1761"}],"curies":[{"name":"wp","href":"https:\/\/api.w.org\/{rel}","templated":true}]}}